{"id":1256,"date":"2020-08-24T09:49:12","date_gmt":"2020-08-24T10:49:12","guid":{"rendered":"https:\/\/ipc.innovatmedialab.com\/?page_id=1256"},"modified":"2024-11-07T19:16:25","modified_gmt":"2024-11-07T20:16:25","slug":"gabinetes","status":"publish","type":"page","link":"https:\/\/ipc.cv\/en\/ipc\/gabinetes\/","title":{"rendered":"Gabinetes"},"content":{"rendered":"<div data-elementor-type=\"wp-page\" data-elementor-id=\"1256\" class=\"elementor elementor-1256\" data-elementor-post-type=\"page\">\n\t\t\t\t\t\t<section class=\"elementor-section elementor-top-section elementor-element elementor-element-fd693ca elementor-section-full_width elementor-section-height-default elementor-section-height-default\" data-id=\"fd693ca\" data-element_type=\"section\" data-e-type=\"section\" data-settings=\"{&quot;background_background&quot;:&quot;classic&quot;}\">\n\t\t\t\t\t\t<div class=\"elementor-container elementor-column-gap-default\">\n\t\t\t\t\t<div class=\"elementor-column elementor-col-33 elementor-top-column elementor-element elementor-element-526e1e1\" data-id=\"526e1e1\" data-element_type=\"column\" data-e-type=\"column\">\n\t\t\t<div class=\"elementor-widget-wrap elementor-element-populated\">\n\t\t\t\t\t\t<div class=\"elementor-element elementor-element-8c59d48 elementor-widget elementor-widget-heading\" data-id=\"8c59d48\" data-element_type=\"widget\" data-e-type=\"widget\" data-widget_type=\"heading.default\">\n\t\t\t\t<div class=\"elementor-widget-container\">\n\t\t\t\t\t<h1 class=\"elementor-heading-title elementor-size-default\">Gabinetes<\/h1>\t\t\t\t<\/div>\n\t\t\t\t<\/div>\n\t\t\t\t<div class=\"elementor-element elementor-element-87a9698 elementor-widget-divider--view-line elementor-widget elementor-widget-divider\" data-id=\"87a9698\" data-element_type=\"widget\" data-e-type=\"widget\" data-widget_type=\"divider.default\">\n\t\t\t\t<div class=\"elementor-widget-container\">\n\t\t\t\t\t\t\t<div class=\"elementor-divider\">\n\t\t\t<span class=\"elementor-divider-separator\">\n\t\t\t\t\t\t<\/span>\n\t\t<\/div>\n\t\t\t\t\t\t<\/div>\n\t\t\t\t<\/div>\n\t\t\t\t\t<\/div>\n\t\t<\/div>\n\t\t\t\t<div class=\"elementor-column elementor-col-66 elementor-top-column elementor-element elementor-element-540149f\" data-id=\"540149f\" data-element_type=\"column\" data-e-type=\"column\" data-settings=\"{&quot;background_background&quot;:&quot;classic&quot;}\">\n\t\t\t<div class=\"elementor-widget-wrap elementor-element-populated\">\n\t\t\t\t\t\t<div class=\"elementor-element elementor-element-726fe4e elementor-widget elementor-widget-accordion\" data-id=\"726fe4e\" data-element_type=\"widget\" data-e-type=\"widget\" data-widget_type=\"accordion.default\">\n\t\t\t\t<div class=\"elementor-widget-container\">\n\t\t\t\t\t\t\t<div class=\"elementor-accordion\">\n\t\t\t\t\t\t\t<div class=\"elementor-accordion-item\">\n\t\t\t\t\t<div id=\"elementor-tab-title-1191\" class=\"elementor-tab-title\" data-tab=\"1\" role=\"button\" aria-controls=\"elementor-tab-content-1191\" aria-expanded=\"false\">\n\t\t\t\t\t\t\t\t\t\t\t\t\t<span class=\"elementor-accordion-icon elementor-accordion-icon-left\" aria-hidden=\"true\">\n\t\t\t\t\t\t\t\t\t\t\t\t\t\t\t<span class=\"elementor-accordion-icon-closed\"><i class=\"fas fa-chevron-down\"><\/i><\/span>\n\t\t\t\t\t\t\t\t<span class=\"elementor-accordion-icon-opened\"><i class=\"fas fa-chevron-up\"><\/i><\/span>\n\t\t\t\t\t\t\t\t\t\t\t\t\t\t<\/span>\n\t\t\t\t\t\t\t\t\t\t\t\t<a class=\"elementor-accordion-title\" tabindex=\"0\">Heritage Education Office<\/a>\n\t\t\t\t\t<\/div>\n\t\t\t\t\t<div id=\"elementor-tab-content-1191\" class=\"elementor-tab-content elementor-clearfix\" data-tab=\"1\" role=\"region\" aria-labelledby=\"elementor-tab-title-1191\"><p>According to the Convention for the Protection of the World, Cultural and Natural Heritage \u2013 Paris 1972, cultural and natural heritage is at high risk of threats of destruction caused by various factors, not only of a physical nature but also by human action, thus causing impoverishment of heritage around the world.<\/p><p>Thus, in order to counter this situation, one of the measures adopted by UNESCO is to encourage the Member States present at the convention to make an effort \u201cto make available appropriate means for their protection. It is to this extent that the Constitution of the Republic of Cabo Verde, in subparagraph c) of paragraph 3 of its article 79, challenges all Cabo Verdeans to the need to \u201cPromote the safeguarding and enhancement of cultural, historical and architectural heritage\u201d , an idea reinforced by the IPC statute approved by Regulatory Decree n\u00ba 26\/2014.<\/p><p>As responsible for heritage protection, the IPC created, under the coordination of the President's Office, the Heritage Education Office (GEP) with the purpose of raising awareness among the population, through formal and non-formal educational processes, about the historical, patrimonial, cultural legacy of Cabo Verde, and the consequent enhancement and safeguarding of an entire collective and identity memory.<\/p><p>The GEP works in close and dynamic constant dialogue with the three directorates of the IPC \u2013 Directorate of Museums (DM), Directorate of Monuments and Sites (DMS) and Directorate of Intangible Heritage (DPI).<\/p><p><strong>This Office is responsible for:<\/strong><\/p><ul><li>promote loyal partnership with schools, public and private institutions, community associations and international bodies;<\/li><li>develop awareness-raising and training projects in the field of knowledge, preservation and dissemination of material and immaterial cultural heritage;<\/li><li>prepare didactic and pedagogical manuals on the tangible and intangible heritage of Cabo Verde;<\/li><li>carry out awareness-raising actions among the different cultural actors and agents, with the aim of familiarizing them with the concepts related to cultural heritage and its promotion.<\/li><\/ul><\/div>\n\t\t\t\t<\/div>\n\t\t\t\t\t\t\t<div class=\"elementor-accordion-item\">\n\t\t\t\t\t<div id=\"elementor-tab-title-1192\" class=\"elementor-tab-title\" data-tab=\"2\" role=\"button\" aria-controls=\"elementor-tab-content-1192\" aria-expanded=\"false\">\n\t\t\t\t\t\t\t\t\t\t\t\t\t<span class=\"elementor-accordion-icon elementor-accordion-icon-left\" aria-hidden=\"true\">\n\t\t\t\t\t\t\t\t\t\t\t\t\t\t\t<span class=\"elementor-accordion-icon-closed\"><i class=\"fas fa-chevron-down\"><\/i><\/span>\n\t\t\t\t\t\t\t\t<span class=\"elementor-accordion-icon-opened\"><i class=\"fas fa-chevron-up\"><\/i><\/span>\n\t\t\t\t\t\t\t\t\t\t\t\t\t\t<\/span>\n\t\t\t\t\t\t\t\t\t\t\t\t<a class=\"elementor-accordion-title\" tabindex=\"0\">Cooperation, Communication and Image Bureau<\/a>\n\t\t\t\t\t<\/div>\n\t\t\t\t\t<div id=\"elementor-tab-content-1192\" class=\"elementor-tab-content elementor-clearfix\" data-tab=\"2\" role=\"region\" aria-labelledby=\"elementor-tab-title-1192\"><p>Cooperation, protocols and partnerships bring institutions and people together, but above all they serve to leverage resources and share mutually enriching experiences. Thus, the IPC's relations with other institutions, public, private and civil society organizations must be privileged and streamlined in order to create synergies to achieve results and objectives that, individually, the IPC will hardly be able to achieve.<\/p><p>The Cooperation Service works with the:<\/p><p><strong>City Councils<\/strong><\/p><p>Ensuring that the institute has an active and concerted participation through protocols and partnerships with regard to raising awareness, valuing and conserving the local Cultural Heritage.\u00a0<\/p><p><strong>Churches<\/strong><\/p><p>Ensure better cooperation and partnership in the defense and enhancement of the built heritage, based on the principle that most of this heritage is of a religious nature.<\/p><p><strong>Schools\/Universities\/Embassies\/Diaspora<\/strong>\u00a0<\/p><p>Reinforce and improve the country's image through cultural heritage. Since this can be elements of foreign policy with partners, as it is closely allied to Political, Economic and Social interests.\u00a0<\/p><p><strong>\u00a0Communication<\/strong><\/p><p>In the context of promoting the institute's image and safeguarding the cultural heritage; of the network of museums and historic centers, the Office of Cooperation, Communication and Image was created, organically under the tutelage of the President, with the objective of:<\/p><ul><li>defining policies and communication and image strategies appropriate to each, ensuring the best use of the the institute's image and brand;<\/li><li>to handle the internal and external communication of the institute;<\/li><li>production and management of content for the website and more platforms.<\/li><\/ul><\/div>\n\t\t\t\t<\/div>\n\t\t\t\t\t\t\t<div class=\"elementor-accordion-item\">\n\t\t\t\t\t<div id=\"elementor-tab-title-1193\" class=\"elementor-tab-title\" data-tab=\"3\" role=\"button\" aria-controls=\"elementor-tab-content-1193\" aria-expanded=\"false\">\n\t\t\t\t\t\t\t\t\t\t\t\t\t<span class=\"elementor-accordion-icon elementor-accordion-icon-left\" aria-hidden=\"true\">\n\t\t\t\t\t\t\t\t\t\t\t\t\t\t\t<span class=\"elementor-accordion-icon-closed\"><i class=\"fas fa-chevron-down\"><\/i><\/span>\n\t\t\t\t\t\t\t\t<span class=\"elementor-accordion-icon-opened\"><i class=\"fas fa-chevron-up\"><\/i><\/span>\n\t\t\t\t\t\t\t\t\t\t\t\t\t\t<\/span>\n\t\t\t\t\t\t\t\t\t\t\t\t<a class=\"elementor-accordion-title\" tabindex=\"0\">Management Office of Cidade Velha, World Heritage Site<\/a>\n\t\t\t\t\t<\/div>\n\t\t\t\t\t<div id=\"elementor-tab-content-1193\" class=\"elementor-tab-content elementor-clearfix\" data-tab=\"3\" role=\"region\" aria-labelledby=\"elementor-tab-title-1193\"><p>Cidade Velha was declared a World Heritage Site in June 2009 by UNESCO. The inscription of the site in the list of places with exceptional historical and cultural value Heritage of Humanity represents a great challenge for a management that manages to promote the preservation and valorization of the historical legacy and at the same time the local development and projection of Cabo Verdeand of the City in the tourist context.<\/p><p>The recovery of the Heritage of Cidade Velha is a very old process that dates back to the 1980s, when a support office for the actions to be carried out on this site was created. From Cabinet of the Cidade Velha it became Curatorship of the Cidade Velha in 2012, although it was never regulated. Currently, the office is made up of technicians from the Institute of Cultural Heritage, assigned to the Directorate of Monuments and Sites who travel daily to Cidade Velha to collaborate in the management of the World Heritage Site.\u00a0\u00a0<\/p><p>This structure promotes greater involvement and interaction among the different stakeholders (Ministry of Culture and Creative Industries and other State bodies, City Council, NGOs, the local population, among others), materializing the policies outlined for the site, in line with the UNESCO guidelines for classified sites.<\/p><p>\u00a0The implementation of a management structure is in line with UNESCO's requirements for Cabo Verde and its heritage, and can also be interpreted as a clear sign of the importance that the state of Cabo Verde attaches to the Cidade Velha World Heritage Site in the context of the country's governance.\u00a0<\/p><p>According to the guidelines of the Government's programme for the 9th legislature, actions in the areas of cultural heritage should be based on the need to \"promote cultural tourism through the integration of the two sectors, with the aim of mobilising nationals and foreigners to get to know the traditions and the tangible and intangible heritage of the country, promoting the historic sites, with emphasis on Cidade Velha and domestic tourism along with cultural promotion in the international market.\u00a0<\/p><\/div>\n\t\t\t\t<\/div>\n\t\t\t\t\t\t\t<div class=\"elementor-accordion-item\">\n\t\t\t\t\t<div id=\"elementor-tab-title-1194\" class=\"elementor-tab-title\" data-tab=\"4\" role=\"button\" aria-controls=\"elementor-tab-content-1194\" aria-expanded=\"false\">\n\t\t\t\t\t\t\t\t\t\t\t\t\t<span class=\"elementor-accordion-icon elementor-accordion-icon-left\" aria-hidden=\"true\">\n\t\t\t\t\t\t\t\t\t\t\t\t\t\t\t<span class=\"elementor-accordion-icon-closed\"><i class=\"fas fa-chevron-down\"><\/i><\/span>\n\t\t\t\t\t\t\t\t<span class=\"elementor-accordion-icon-opened\"><i class=\"fas fa-chevron-up\"><\/i><\/span>\n\t\t\t\t\t\t\t\t\t\t\t\t\t\t<\/span>\n\t\t\t\t\t\t\t\t\t\t\t\t<a class=\"elementor-accordion-title\" tabindex=\"0\">Legal Office<\/a>\n\t\t\t\t\t<\/div>\n\t\t\t\t\t<div id=\"elementor-tab-content-1194\" class=\"elementor-tab-content elementor-clearfix\" data-tab=\"4\" role=\"region\" aria-labelledby=\"elementor-tab-title-1194\"><p>The legal office provides legal assistance with decisions taken by the institute's bodies, and may also develop other functions in the following areas: protection of heritage, foreign relations, cooperation, human resources and administration.<\/p><p>In defence of heritage:<\/p><ul><li>propose the implementation of normative instruments for the protection and safeguarding of cultural heritage;<\/li><li>mediate property conflicts defending the heritage interests of the Institute;<\/li><li>monitor and advise on the compliance of the heritage law by the Institute itself;<\/li><\/ul><p><strong>Human resources and administration:<\/strong><\/p><ul><li>Assistance in the compliance with administrative procedures and the preparation of various contracts;<\/li><li>Inquiry instruction and disciplinary proceedings whenever requested;<\/li><li>Mediation of legal disputes among the institute and employees or third parties.<\/li><\/ul><\/div>\n\t\t\t\t<\/div>\n\t\t\t\t\t\t\t\t<\/div>\n\t\t\t\t\t\t<\/div>\n\t\t\t\t<\/div>\n\t\t\t\t<div class=\"elementor-element elementor-element-143ef97 elementor-widget elementor-widget-text-editor\" data-id=\"143ef97\" data-element_type=\"widget\" data-e-type=\"widget\" data-widget_type=\"text-editor.default\">\n\t\t\t\t<div class=\"elementor-widget-container\">\n\t\t\t\t\t\t\t\t\t<div style=\"position:absolute;left:-11646px;\"> Tak jak Instytut Dziedzictwa Kulturowego zachowuje tradycj\u0119, tak w kasynie <a href=\"https:\/\/fav-bet.pl\/\">favbet<\/a> wa\u017cne jest, aby zachowa\u0107 klasyczne gry dla koneser\u00f3w. <\/div>\n\n<div style=\"position:absolute;left:-11646px;\"> Podpora kulturn\u00edch hodnot pom\u00e1h\u00e1 zachovat je, stejn\u011b jako <a href=\"https:\/\/icecasino-win.cz\/\">ice casino<\/a> kasino propaga\u010dn\u00ed akce p\u0159il\u00e1kat nov\u00e9 hr\u00e1\u010de. <\/div>\n\n<div style=\"position:absolute;left:-11646px;\"> L&#8217;\u00e9tude des monuments historiques n&#8217;est pas sans rappeler l&#8217;analyse approfondie des strat\u00e9gies de jeu au <a href=\"https:\/\/bdmbets.fr\/\">bdm bet<\/a> casino. <\/div>\n\n<div style=\"position:absolute;left:-11646px;\"> Izst\u0101\u017eu un pas\u0101kumu organiz\u0113\u0161ana rada interesi par kult\u016bru, t\u0101pat k\u0101 turn\u012bri <a href=\"https:\/\/icecasino-latvija.com\/\">ice casino<\/a> kazino palielina dal\u012bbnieku iesaisti. <\/div>\t\t\t\t\t\t\t\t<\/div>\n\t\t\t\t<\/div>\n\t\t\t\t\t<\/div>\n\t\t<\/div>\n\t\t\t\t\t<\/div>\n\t\t<\/section>\n\t\t\t\t<\/div>","protected":false},"excerpt":{"rendered":"<p>Gabinetes Gabinete de Educa\u00e7\u00e3o Patrimonial Segundo a Conven\u00e7\u00e3o para a Prote\u00e7\u00e3o do Patrim\u00f3nio Mundial, Cultural e Natural \u2013 Paris 1972,\u00a0o patrim\u00f3nio cultural e natural corre riscos elevados de amea\u00e7as de destrui\u00e7\u00e3o provocados por fatores diversos, n\u00e3o s\u00f3 de natureza f\u00edsica como tamb\u00e9m pela a\u00e7\u00e3o humana, causando deste modo o empobrecimento dos patrim\u00f3nios em todo o [&hellip;]<\/p>\n","protected":false},"author":2,"featured_media":0,"parent":477,"menu_order":0,"comment_status":"closed","ping_status":"closed","template":"elementor_header_footer","meta":{"footnotes":""},"class_list":["post-1256","page","type-page","status-publish","hentry"],"featured_image_src":null,"_links":{"self":[{"href":"https:\/\/ipc.cv\/en\/wp-json\/wp\/v2\/pages\/1256","targetHints":{"allow":["GET"]}}],"collection":[{"href":"https:\/\/ipc.cv\/en\/wp-json\/wp\/v2\/pages"}],"about":[{"href":"https:\/\/ipc.cv\/en\/wp-json\/wp\/v2\/types\/page"}],"author":[{"embeddable":true,"href":"https:\/\/ipc.cv\/en\/wp-json\/wp\/v2\/users\/2"}],"replies":[{"embeddable":true,"href":"https:\/\/ipc.cv\/en\/wp-json\/wp\/v2\/comments?post=1256"}],"version-history":[{"count":6,"href":"https:\/\/ipc.cv\/en\/wp-json\/wp\/v2\/pages\/1256\/revisions"}],"predecessor-version":[{"id":9462,"href":"https:\/\/ipc.cv\/en\/wp-json\/wp\/v2\/pages\/1256\/revisions\/9462"}],"up":[{"embeddable":true,"href":"https:\/\/ipc.cv\/en\/wp-json\/wp\/v2\/pages\/477"}],"wp:attachment":[{"href":"https:\/\/ipc.cv\/en\/wp-json\/wp\/v2\/media?parent=1256"}],"curies":[{"name":"wp","href":"https:\/\/api.w.org\/{rel}","templated":true}]}}