{"id":477,"date":"2020-08-12T16:59:10","date_gmt":"2020-08-12T17:59:10","guid":{"rendered":"https:\/\/ipc.innovatmedialab.com\/?page_id=477"},"modified":"2021-12-28T09:58:14","modified_gmt":"2021-12-28T10:58:14","slug":"ipc","status":"publish","type":"page","link":"https:\/\/ipc.cv\/cv\/ipc\/","title":{"rendered":"IPC"},"content":{"rendered":"<div data-elementor-type=\"wp-page\" data-elementor-id=\"477\" class=\"elementor elementor-477\" data-elementor-post-type=\"page\">\n\t\t\t\t\t\t<section class=\"elementor-section elementor-top-section elementor-element elementor-element-6fe5482 elementor-section-full_width elementor-section-height-default elementor-section-height-default\" data-id=\"6fe5482\" data-element_type=\"section\" data-e-type=\"section\" data-settings=\"{&quot;background_background&quot;:&quot;classic&quot;}\">\n\t\t\t\t\t\t\t<div class=\"elementor-background-overlay\"><\/div>\n\t\t\t\t\t\t\t<div class=\"elementor-container elementor-column-gap-default\">\n\t\t\t\t\t<div class=\"elementor-column elementor-col-33 elementor-top-column elementor-element elementor-element-c6d2138\" data-id=\"c6d2138\" data-element_type=\"column\" data-e-type=\"column\" data-settings=\"{&quot;background_background&quot;:&quot;classic&quot;}\">\n\t\t\t<div class=\"elementor-widget-wrap elementor-element-populated\">\n\t\t\t\t\t\t<div class=\"elementor-element elementor-element-69f9d5f elementor-widget elementor-widget-heading\" data-id=\"69f9d5f\" data-element_type=\"widget\" data-e-type=\"widget\" data-widget_type=\"heading.default\">\n\t\t\t\t<div class=\"elementor-widget-container\">\n\t\t\t\t\t<h1 class=\"elementor-heading-title elementor-size-default\">Instituto do Patrim\u00f3nio Cultural<\/h1>\t\t\t\t<\/div>\n\t\t\t\t<\/div>\n\t\t\t\t<div class=\"elementor-element elementor-element-b002491 elementor-widget-divider--view-line elementor-widget elementor-widget-divider\" data-id=\"b002491\" data-element_type=\"widget\" data-e-type=\"widget\" data-widget_type=\"divider.default\">\n\t\t\t\t<div class=\"elementor-widget-container\">\n\t\t\t\t\t\t\t<div class=\"elementor-divider\">\n\t\t\t<span class=\"elementor-divider-separator\">\n\t\t\t\t\t\t<\/span>\n\t\t<\/div>\n\t\t\t\t\t\t<\/div>\n\t\t\t\t<\/div>\n\t\t\t\t\t<\/div>\n\t\t<\/div>\n\t\t\t\t<div class=\"elementor-column elementor-col-66 elementor-top-column elementor-element elementor-element-300a553\" data-id=\"300a553\" data-element_type=\"column\" data-e-type=\"column\" data-settings=\"{&quot;background_background&quot;:&quot;classic&quot;}\">\n\t\t\t<div class=\"elementor-widget-wrap elementor-element-populated\">\n\t\t\t\t\t\t<div class=\"elementor-element elementor-element-dc374b2 elementor-widget elementor-widget-text-editor\" data-id=\"dc374b2\" data-element_type=\"widget\" data-e-type=\"widget\" data-widget_type=\"text-editor.default\">\n\t\t\t\t<div class=\"elementor-widget-container\">\n\t\t\t\t\t\t\t\t\t<p>O Governo de Cabo Verde aprovou o estatuto do Instituto do Patrim\u00f3nio Cultural (IPC), pelo<a href=\"https:\/\/drive.google.com\/file\/d\/1D8nOEHarGX_pfwqbV_WGnX_3hs1Kylx7\/view?usp=sharing\" target=\"_blank\" rel=\"noopener\"> Decreto-Regulamentar n\u00ba 3\/2020<\/a>, de 17 de Janeiro. Decreto este que revogou, portanto, o Decreto-lei n\u00ba 26\/2014, de 17 de Junho.<\/p><p>Entrando em vigor no dia 18 de Janeiro de 2020, o novo estatuto do IPC define-o como instituto p\u00fablico criado com a finalidade de identificar, inventariar, investigar, salvaguardar, defender e divulgar os valores da cultura, o patrim\u00f3nio m\u00f3vel e im\u00f3vel, material e imaterial do povo cabo-verdiano.<\/p><p><div class=\"show_more\"><p class=\"wpsm-show\" style=\"color: #cc0000; font-size: 100%; text-align: left;\"> ler mais<\/p><div class=\"wpsm-content\">Em 1977, o 1\u00ba governo de Cabo Verde intentou uma pol\u00edtica cultural de corte com o passado colonial concebendo-a sempre agregada \u00e0 educa\u00e7\u00e3o, atrav\u00e9s do rec\u00e9m-criado Minist\u00e9rio da Educa\u00e7\u00e3o e Cultural que, em pouco meses, passaria a designar-se Minist\u00e9rio da Educa\u00e7\u00e3o, Cultura, Juventude e Desporto.<\/p><p>Nesta perspetiva foram criados os primeiros organismos: a Dire\u00e7\u00e3o nacional do Artesanato (1976), o Instituto Cabo-verdiano do Livro e o Instituto Cabo-verdiano do Cinema (1977).<br \/>As primeiras incurs\u00f5es no \u00e2mbito do patrim\u00f3nio cultural surgem em 1978 com a cria\u00e7\u00e3o da \u201cComiss\u00e3o Nacional para promover o restauro, a reabilita\u00e7\u00e3o, defesa e a conserva\u00e7\u00e3o dos monumentos nacionais e de outros valores do patrim\u00f3nio art\u00edstico e cultural dos pa\u00eds nacionais\u201d e a Direc\u00e7\u00e3o-Geral, respons\u00e1vel pelas \u00e1reas de investiga\u00e7\u00e3o, lingu\u00edstica, tradi\u00e7\u00f5es orais, anima\u00e7\u00e3o cultural, audiovisual e levantamento do patrim\u00f3nio cultural.<\/p><p>Com o chegada da II Rep\u00fablica, as medidas mas abrangentes para a cultura, que andou neste per\u00edodo mais pr\u00f3xima do sector da comunica\u00e7\u00e3o social, levam a uma reestrutura\u00e7\u00e3o profunda no sector com a cria\u00e7\u00e3o do Gabinete de Salvaguarda do Patrim\u00f3nio (Dec-Lei N\u00ba 97\/97), do Instituto Nacional de Investiga\u00e7\u00e3o Cultural, em substitui\u00e7\u00e3o do extinto INAC, e a cria\u00e7\u00e3o do Instituto de Promo\u00e7\u00e3o Cultural (Dec-Lei N\u00ba100\/97) agrupando em si todas as incumb\u00eancias do Instituto Cabo-verdiano do Cinema, do Instituto Cabo-verdiano do Livro e do Dico e do Centro Nacional de Artesanato, todos extintos por decreto lei de 31 de Dezembro de 97.<br \/>Em 1998, pela primeira vez, nasce o Minist\u00e9rio da Cultura, desvinculando a cultura de qualquer outro sector, com super independ\u00eancia sobre o Arquivo Hist\u00f3rico Nacional, o Instituto de Promo\u00e7\u00e3o Cultural, o Instituto Nacional de Investiga\u00e7\u00e3o Cultural, mas ainda mantendo os \u00f3rg\u00e3os de comunica\u00e7\u00e3o social RTC e INFORPRESS.<\/p><p>Entre 2001 e 2005 com a VI lesgislatura, rega org\u00e2nica do novo Minist\u00e9rio da Educa\u00e7\u00e3o, Cultura e Desporto, ocorreu a jun\u00e7\u00e3o numa \u00fanica institui\u00e7\u00e3o do Instituto Nacional de Investiga\u00e7\u00e3o Cultural (INIC), Instituto de Promo\u00e7\u00e3o Cultural (IPC) e o Gabinete de Salvaguarda do Patrim\u00f3nio. Passando a chamar-se INIPC.<\/p><p>O INIPC antecede, entretanto, o Instituto de Investiga\u00e7\u00e3o e Patrim\u00f3nio Cultural (IIPC), criado pelo Decreto-Regulamentar n\u00ba2\/ 2004, que lhe sucede em direitos e obriga\u00e7\u00f5es, tendo como atribui\u00e7\u00f5es: \u201c\u2026 a identifica\u00e7\u00e3o, a inventaria\u00e7\u00e3o, a investiga\u00e7\u00e3o, a salvaguarda, a defesa e a divulga\u00e7\u00e3o dos valores da cultura, do patrim\u00f3nio cultural m\u00f3vel e im\u00f3vel, material e imaterial do povo cabo-verdiano. <p class=\"wpsm-hide\" style=\"color: #cc0000; font-size: 100%; text-align: left;\"> ler menus<\/p><\/div><\/div><\/p>\t\t\t\t\t\t\t\t<\/div>\n\t\t\t\t<\/div>\n\t\t\t\t<div class=\"elementor-element elementor-element-a4d487c elementor-widget elementor-widget-accordion\" data-id=\"a4d487c\" data-element_type=\"widget\" data-e-type=\"widget\" data-widget_type=\"accordion.default\">\n\t\t\t\t<div class=\"elementor-widget-container\">\n\t\t\t\t\t\t\t<div class=\"elementor-accordion\">\n\t\t\t\t\t\t\t<div class=\"elementor-accordion-item\">\n\t\t\t\t\t<div id=\"elementor-tab-title-1721\" class=\"elementor-tab-title\" data-tab=\"1\" role=\"button\" aria-controls=\"elementor-tab-content-1721\" aria-expanded=\"false\">\n\t\t\t\t\t\t\t\t\t\t\t\t\t<span class=\"elementor-accordion-icon elementor-accordion-icon-left\" aria-hidden=\"true\">\n\t\t\t\t\t\t\t\t\t\t\t\t\t\t\t<span class=\"elementor-accordion-icon-closed\"><i class=\"fas fa-chevron-down\"><\/i><\/span>\n\t\t\t\t\t\t\t\t<span class=\"elementor-accordion-icon-opened\"><i class=\"fas fa-chevron-up\"><\/i><\/span>\n\t\t\t\t\t\t\t\t\t\t\t\t\t\t<\/span>\n\t\t\t\t\t\t\t\t\t\t\t\t<a class=\"elementor-accordion-title\" tabindex=\"0\">Miss\u00e3o<\/a>\n\t\t\t\t\t<\/div>\n\t\t\t\t\t<div id=\"elementor-tab-content-1721\" class=\"elementor-tab-content elementor-clearfix\" data-tab=\"1\" role=\"region\" aria-labelledby=\"elementor-tab-title-1721\"><p>O instituto do Patrim\u00f3nio Cultural tem por miss\u00e3o a identifica\u00e7\u00e3o, inventaria\u00e7\u00e3o, investiga\u00e7\u00e3o, salvaguarda, defesa e divulga\u00e7\u00e3o dos valores culturais do patrim\u00f3nio cultural, m\u00f3vel e im\u00f3vel, material e imaterial do povo cabo-verdiano, no dom\u00ednio das tradi\u00e7\u00f5es orais, da historia, sociologia, antropologia, museologia e arqueologia.<\/p><\/div>\n\t\t\t\t<\/div>\n\t\t\t\t\t\t\t<div class=\"elementor-accordion-item\">\n\t\t\t\t\t<div id=\"elementor-tab-title-1722\" class=\"elementor-tab-title\" data-tab=\"2\" role=\"button\" aria-controls=\"elementor-tab-content-1722\" aria-expanded=\"false\">\n\t\t\t\t\t\t\t\t\t\t\t\t\t<span class=\"elementor-accordion-icon elementor-accordion-icon-left\" aria-hidden=\"true\">\n\t\t\t\t\t\t\t\t\t\t\t\t\t\t\t<span class=\"elementor-accordion-icon-closed\"><i class=\"fas fa-chevron-down\"><\/i><\/span>\n\t\t\t\t\t\t\t\t<span class=\"elementor-accordion-icon-opened\"><i class=\"fas fa-chevron-up\"><\/i><\/span>\n\t\t\t\t\t\t\t\t\t\t\t\t\t\t<\/span>\n\t\t\t\t\t\t\t\t\t\t\t\t<a class=\"elementor-accordion-title\" tabindex=\"0\">Vis\u00e3o<\/a>\n\t\t\t\t\t<\/div>\n\t\t\t\t\t<div id=\"elementor-tab-content-1722\" class=\"elementor-tab-content elementor-clearfix\" data-tab=\"2\" role=\"region\" aria-labelledby=\"elementor-tab-title-1722\"><p>\u00c9 pretens\u00e3o do instituto fomentar a pesquisa e promover a\u00e7\u00f5es de salvaguarda do patrim\u00f3nio hist\u00f3rico e cultural. Devolver este legado \u00e0 comunidade de forma a ser por ela utilizado como importante recurso de desenvolvimento local e nacional. Pretende ser uma refer\u00eancia nacional e internacional, no seu campo de atua\u00e7\u00e3o, contribuindo sempre para a implementa\u00e7\u00e3o de pol\u00edticas p\u00fablicas para o sector. Fazer de cada cidad\u00e3o um colaborador e parceiro comprometido com a preserva\u00e7\u00e3o da mem\u00f3ria e por conseguinte do patrim\u00f3nio hist\u00f3rico e cultural de Cabo Verde.<\/p><\/div>\n\t\t\t\t<\/div>\n\t\t\t\t\t\t\t<div class=\"elementor-accordion-item\">\n\t\t\t\t\t<div id=\"elementor-tab-title-1723\" class=\"elementor-tab-title\" data-tab=\"3\" role=\"button\" aria-controls=\"elementor-tab-content-1723\" aria-expanded=\"false\">\n\t\t\t\t\t\t\t\t\t\t\t\t\t<span class=\"elementor-accordion-icon elementor-accordion-icon-left\" aria-hidden=\"true\">\n\t\t\t\t\t\t\t\t\t\t\t\t\t\t\t<span class=\"elementor-accordion-icon-closed\"><i class=\"fas fa-chevron-down\"><\/i><\/span>\n\t\t\t\t\t\t\t\t<span class=\"elementor-accordion-icon-opened\"><i class=\"fas fa-chevron-up\"><\/i><\/span>\n\t\t\t\t\t\t\t\t\t\t\t\t\t\t<\/span>\n\t\t\t\t\t\t\t\t\t\t\t\t<a class=\"elementor-accordion-title\" tabindex=\"0\">Valores<\/a>\n\t\t\t\t\t<\/div>\n\t\t\t\t\t<div id=\"elementor-tab-content-1723\" class=\"elementor-tab-content elementor-clearfix\" data-tab=\"3\" role=\"region\" aria-labelledby=\"elementor-tab-title-1723\"><p>O instituto prima pelo profissionalismo, aprimorando continuamente sus compet\u00eancias, a lideran\u00e7a, a integridade, a responsabilidade e compromisso com a miss\u00e3o de salvaguarda patrimonial e com os resultados.<\/p><\/div>\n\t\t\t\t<\/div>\n\t\t\t\t\t\t\t\t<\/div>\n\t\t\t\t\t\t<\/div>\n\t\t\t\t<\/div>\n\t\t\t\t\t<\/div>\n\t\t<\/div>\n\t\t\t\t\t<\/div>\n\t\t<\/section>\n\t\t\t\t<\/div>","protected":false},"excerpt":{"rendered":"<p>Instituto do Patrim\u00f3nio Cultural O Governo de Cabo Verde aprovou o estatuto do Instituto do Patrim\u00f3nio Cultural (IPC), pelo Decreto-Regulamentar n\u00ba 3\/2020, de 17 de Janeiro. Decreto este que revogou, portanto, o Decreto-lei n\u00ba 26\/2014, de 17 de Junho. Entrando em vigor no dia 18 de Janeiro de 2020, o novo estatuto do IPC define-o [&hellip;]<\/p>\n","protected":false},"author":2,"featured_media":0,"parent":0,"menu_order":0,"comment_status":"closed","ping_status":"closed","template":"elementor_header_footer","meta":{"footnotes":""},"class_list":["post-477","page","type-page","status-publish","hentry"],"featured_image_src":null,"_links":{"self":[{"href":"https:\/\/ipc.cv\/cv\/wp-json\/wp\/v2\/pages\/477","targetHints":{"allow":["GET"]}}],"collection":[{"href":"https:\/\/ipc.cv\/cv\/wp-json\/wp\/v2\/pages"}],"about":[{"href":"https:\/\/ipc.cv\/cv\/wp-json\/wp\/v2\/types\/page"}],"author":[{"embeddable":true,"href":"https:\/\/ipc.cv\/cv\/wp-json\/wp\/v2\/users\/2"}],"replies":[{"embeddable":true,"href":"https:\/\/ipc.cv\/cv\/wp-json\/wp\/v2\/comments?post=477"}],"version-history":[{"count":9,"href":"https:\/\/ipc.cv\/cv\/wp-json\/wp\/v2\/pages\/477\/revisions"}],"predecessor-version":[{"id":5493,"href":"https:\/\/ipc.cv\/cv\/wp-json\/wp\/v2\/pages\/477\/revisions\/5493"}],"wp:attachment":[{"href":"https:\/\/ipc.cv\/cv\/wp-json\/wp\/v2\/media?parent=477"}],"curies":[{"name":"wp","href":"https:\/\/api.w.org\/{rel}","templated":true}]}}