{"id":1256,"date":"2020-08-24T09:49:12","date_gmt":"2020-08-24T10:49:12","guid":{"rendered":"https:\/\/ipc.innovatmedialab.com\/?page_id=1256"},"modified":"2024-11-07T19:16:25","modified_gmt":"2024-11-07T20:16:25","slug":"gabinetes","status":"publish","type":"page","link":"https:\/\/ipc.cv\/cv\/ipc\/gabinetes\/","title":{"rendered":"Gabinetes"},"content":{"rendered":"<div data-elementor-type=\"wp-page\" data-elementor-id=\"1256\" class=\"elementor elementor-1256\" data-elementor-post-type=\"page\">\n\t\t\t\t\t\t<section class=\"elementor-section elementor-top-section elementor-element elementor-element-fd693ca elementor-section-full_width elementor-section-height-default elementor-section-height-default\" data-id=\"fd693ca\" data-element_type=\"section\" data-e-type=\"section\" data-settings=\"{&quot;background_background&quot;:&quot;classic&quot;}\">\n\t\t\t\t\t\t<div class=\"elementor-container elementor-column-gap-default\">\n\t\t\t\t\t<div class=\"elementor-column elementor-col-33 elementor-top-column elementor-element elementor-element-526e1e1\" data-id=\"526e1e1\" data-element_type=\"column\" data-e-type=\"column\">\n\t\t\t<div class=\"elementor-widget-wrap elementor-element-populated\">\n\t\t\t\t\t\t<div class=\"elementor-element elementor-element-8c59d48 elementor-widget elementor-widget-heading\" data-id=\"8c59d48\" data-element_type=\"widget\" data-e-type=\"widget\" data-widget_type=\"heading.default\">\n\t\t\t\t<div class=\"elementor-widget-container\">\n\t\t\t\t\t<h1 class=\"elementor-heading-title elementor-size-default\">Gabinetes<\/h1>\t\t\t\t<\/div>\n\t\t\t\t<\/div>\n\t\t\t\t<div class=\"elementor-element elementor-element-87a9698 elementor-widget-divider--view-line elementor-widget elementor-widget-divider\" data-id=\"87a9698\" data-element_type=\"widget\" data-e-type=\"widget\" data-widget_type=\"divider.default\">\n\t\t\t\t<div class=\"elementor-widget-container\">\n\t\t\t\t\t\t\t<div class=\"elementor-divider\">\n\t\t\t<span class=\"elementor-divider-separator\">\n\t\t\t\t\t\t<\/span>\n\t\t<\/div>\n\t\t\t\t\t\t<\/div>\n\t\t\t\t<\/div>\n\t\t\t\t\t<\/div>\n\t\t<\/div>\n\t\t\t\t<div class=\"elementor-column elementor-col-66 elementor-top-column elementor-element elementor-element-540149f\" data-id=\"540149f\" data-element_type=\"column\" data-e-type=\"column\" data-settings=\"{&quot;background_background&quot;:&quot;classic&quot;}\">\n\t\t\t<div class=\"elementor-widget-wrap elementor-element-populated\">\n\t\t\t\t\t\t<div class=\"elementor-element elementor-element-726fe4e elementor-widget elementor-widget-accordion\" data-id=\"726fe4e\" data-element_type=\"widget\" data-e-type=\"widget\" data-widget_type=\"accordion.default\">\n\t\t\t\t<div class=\"elementor-widget-container\">\n\t\t\t\t\t\t\t<div class=\"elementor-accordion\">\n\t\t\t\t\t\t\t<div class=\"elementor-accordion-item\">\n\t\t\t\t\t<div id=\"elementor-tab-title-1191\" class=\"elementor-tab-title\" data-tab=\"1\" role=\"button\" aria-controls=\"elementor-tab-content-1191\" aria-expanded=\"false\">\n\t\t\t\t\t\t\t\t\t\t\t\t\t<span class=\"elementor-accordion-icon elementor-accordion-icon-left\" aria-hidden=\"true\">\n\t\t\t\t\t\t\t\t\t\t\t\t\t\t\t<span class=\"elementor-accordion-icon-closed\"><i class=\"fas fa-chevron-down\"><\/i><\/span>\n\t\t\t\t\t\t\t\t<span class=\"elementor-accordion-icon-opened\"><i class=\"fas fa-chevron-up\"><\/i><\/span>\n\t\t\t\t\t\t\t\t\t\t\t\t\t\t<\/span>\n\t\t\t\t\t\t\t\t\t\t\t\t<a class=\"elementor-accordion-title\" tabindex=\"0\">Gabinete de Educa\u00e7\u00e3o Patrimonial<\/a>\n\t\t\t\t\t<\/div>\n\t\t\t\t\t<div id=\"elementor-tab-content-1191\" class=\"elementor-tab-content elementor-clearfix\" data-tab=\"1\" role=\"region\" aria-labelledby=\"elementor-tab-title-1191\"><p>Segundo a Conven\u00e7\u00e3o para a Prote\u00e7\u00e3o do Patrim\u00f3nio Mundial, Cultural e Natural \u2013 Paris 1972,\u00a0o patrim\u00f3nio cultural e natural corre riscos elevados de amea\u00e7as de destrui\u00e7\u00e3o provocados por fatores diversos, n\u00e3o s\u00f3 de natureza f\u00edsica como tamb\u00e9m pela a\u00e7\u00e3o humana, causando deste modo o empobrecimento dos patrim\u00f3nios em todo o Mundo.<\/p><p>Assim, para contrariar essa situa\u00e7\u00e3o uma das medidas adotadas pela UNESCO,\u00a0 incentivar os Estados Membros presentes na conven\u00e7\u00e3o a esfor\u00e7arem-se \u201cem disponibilizar meios apropriados para sua prote\u00e7\u00e3o. \u00c9 nesta medida que a Constitui\u00e7\u00e3o da Rep\u00fablica de Cabo Verde na al\u00ednea c) do n.\u00ba 3 do seu artigo 79\u00ba interpela a todos os cabo-verdianos para a necessidade de \u201cPromover a salvaguarda e a valoriza\u00e7\u00e3o do patrim\u00f3nio cultural, hist\u00f3rico e arquitet\u00f3nico\u201d, uma ideia refor\u00e7ada pelo\u00a0 estatuto do IPC aprovado pelo Decreto-Regulamentar n\u00ba 26\/2014.<\/p><p>Como respons\u00e1vel pela salvaguarda patrimonial, o IPC criou, sob coordena\u00e7\u00e3o do Gabinete do Presidente, o Gabinete de Educa\u00e7\u00e3o Patrimonial (GEP) com a finalidade de sensibilizar a popula\u00e7\u00e3o,\u00a0 atrav\u00e9s de processos educativos formais e n\u00e3o formais, sobre o legado hist\u00f3rico, patrimonial, cultural de Cabo Verde, e consequente valoriza\u00e7\u00e3o e salvaguarda de toda uma mem\u00f3ria coletiva e identit\u00e1ria.<\/p><p>O GEP trabalha em di\u00e1logo constante pr\u00f3ximo e din\u00e2mico com as tr\u00eas dire\u00e7\u00f5es do IPC \u2013 Dire\u00e7\u00e3o dos Museus (DM), Dire\u00e7\u00e3o dos Monumentos e S\u00edtios (DMS) e Dire\u00e7\u00e3o de Patrim\u00f3nio Imaterial (DPI).<\/p><p><strong>Compete a este Gabinete:<\/strong><\/p><ul><li>promover parceria fidelizada com as escolas, institui\u00e7\u00f5es p\u00fablicas e privadas, associa\u00e7\u00f5es comunit\u00e1rias e organismos internacionais;<\/li><li>elaborar projetos de sensibiliza\u00e7\u00e3o e capacita\u00e7\u00e3o no dom\u00ednio do conhecimento, preserva\u00e7\u00e3o, divulga\u00e7\u00e3o do patrim\u00f3nio cultural material e imaterial;<\/li><li>elaborar manuais did\u00e1ticos e pedag\u00f3gicos sobre o patrim\u00f3nio material e imaterial de Cabo Verde;<\/li><li>realizar a\u00e7\u00f5es de sensibiliza\u00e7\u00e3o junto dos diferentes atores e agentes culturais, com o objetivo de os familiarizar com os conceitos ligados ao patrim\u00f3nio cultural e a sua promo\u00e7\u00e3o.<\/li><\/ul><\/div>\n\t\t\t\t<\/div>\n\t\t\t\t\t\t\t<div class=\"elementor-accordion-item\">\n\t\t\t\t\t<div id=\"elementor-tab-title-1192\" class=\"elementor-tab-title\" data-tab=\"2\" role=\"button\" aria-controls=\"elementor-tab-content-1192\" aria-expanded=\"false\">\n\t\t\t\t\t\t\t\t\t\t\t\t\t<span class=\"elementor-accordion-icon elementor-accordion-icon-left\" aria-hidden=\"true\">\n\t\t\t\t\t\t\t\t\t\t\t\t\t\t\t<span class=\"elementor-accordion-icon-closed\"><i class=\"fas fa-chevron-down\"><\/i><\/span>\n\t\t\t\t\t\t\t\t<span class=\"elementor-accordion-icon-opened\"><i class=\"fas fa-chevron-up\"><\/i><\/span>\n\t\t\t\t\t\t\t\t\t\t\t\t\t\t<\/span>\n\t\t\t\t\t\t\t\t\t\t\t\t<a class=\"elementor-accordion-title\" tabindex=\"0\">Gabinete de Coopera\u00e7\u00e3o, Comunica\u00e7\u00e3o e Imagem<\/a>\n\t\t\t\t\t<\/div>\n\t\t\t\t\t<div id=\"elementor-tab-content-1192\" class=\"elementor-tab-content elementor-clearfix\" data-tab=\"2\" role=\"region\" aria-labelledby=\"elementor-tab-title-1192\"><p>A coopera\u00e7\u00e3o, os protocolos e as parcerias aproximam Institui\u00e7\u00f5es e pessoas, mas sobretudo servem para potenciar recursos e partilhar experi\u00eancias mutuamente enriquecedoras. Assim as rela\u00e7\u00f5es do IPC com outras Institui\u00e7\u00f5es, publicas, privadas e organiza\u00e7\u00f5es da sociedade Civil devem ser privilegiadas e dinamizadas no sentido de criar sinergias para alcan\u00e7ar resultados e objetivos que de modo individualmente, o IPC dificilmente poder\u00e1 alcan\u00e7ar.<\/p><p>O Servi\u00e7o de coopera\u00e7\u00e3o atua junto \u00e0s:<\/p><p><strong>C\u00e2maras Municipais<\/strong><\/p><p>Garantindo que o instituto tenha uma participa\u00e7\u00e3o ativa e concertada atrav\u00e9s de protocolos e parcerias no que concerne a sensibiliza\u00e7\u00e3o, valoriza\u00e7\u00e3o e conserva\u00e7\u00e3o do Patrim\u00f3nio Cultural local.\u00a0<\/p><p><strong>Igrejas<\/strong><\/p><p>Assegurar melhor coopera\u00e7\u00e3o e parceria na defesa e valoriza\u00e7\u00e3o do patrim\u00f3nio constru\u00eddo, partindo do principio que a maior parte desse patrim\u00f3nio \u00e9 de car\u00e1ter religioso.<\/p><p><strong>Escolas\/Universidades \/Embaixadas \/di\u00e1spora<\/strong>\u00a0<\/p><p>Refor\u00e7ar e melhorar a imagem do pa\u00eds por meio do patrim\u00f3nio cultural. Uma vez que, este pode ser elementos da politica externa junto aos parceiros, por estar intimamente aliado aos interesses Pol\u00edticos, Econ\u00f3micos e Sociais.\u00a0<\/p><p><strong>\u00a0Comunica\u00e7\u00e3o<\/strong><\/p><p>No contexto da promo\u00e7\u00e3o da imagem do instituto e da salvaguarda do patrim\u00f3nio cultural; da rede de museus e centros hist\u00f3ricos, criou-se o Gabinete de Coopera\u00e7\u00e3o,\u00a0 Comunica\u00e7\u00e3o e Imagem, organicamente sob a tutela do Presidente, com o objetivo de:<\/p><ul><li>definir pol\u00edticas e estrat\u00e9gias de comunica\u00e7\u00e3o e imagem adequadas a cada, a segurando a melhor utiliza\u00e7\u00e3o da imagem e marca do instituto ;<\/li><li>a segurar a comunica\u00e7\u00e3o interna e do instituto com o exterior;<\/li><li>produ\u00e7\u00e3o e gest\u00e3o de conte\u00fados para o site e de mais plataforma.<\/li><\/ul><\/div>\n\t\t\t\t<\/div>\n\t\t\t\t\t\t\t<div class=\"elementor-accordion-item\">\n\t\t\t\t\t<div id=\"elementor-tab-title-1193\" class=\"elementor-tab-title\" data-tab=\"3\" role=\"button\" aria-controls=\"elementor-tab-content-1193\" aria-expanded=\"false\">\n\t\t\t\t\t\t\t\t\t\t\t\t\t<span class=\"elementor-accordion-icon elementor-accordion-icon-left\" aria-hidden=\"true\">\n\t\t\t\t\t\t\t\t\t\t\t\t\t\t\t<span class=\"elementor-accordion-icon-closed\"><i class=\"fas fa-chevron-down\"><\/i><\/span>\n\t\t\t\t\t\t\t\t<span class=\"elementor-accordion-icon-opened\"><i class=\"fas fa-chevron-up\"><\/i><\/span>\n\t\t\t\t\t\t\t\t\t\t\t\t\t\t<\/span>\n\t\t\t\t\t\t\t\t\t\t\t\t<a class=\"elementor-accordion-title\" tabindex=\"0\">Gabinete de Gest\u00e3o da Cidade Velha, Patrim\u00f3nio Mundial<\/a>\n\t\t\t\t\t<\/div>\n\t\t\t\t\t<div id=\"elementor-tab-content-1193\" class=\"elementor-tab-content elementor-clearfix\" data-tab=\"3\" role=\"region\" aria-labelledby=\"elementor-tab-title-1193\"><p>Cidade Velha foi declarada Patrim\u00f3nio da Humanidade, em junho de 2009, pela UNESCO. A inscri\u00e7\u00e3o do s\u00edtio na lista dos lugares com excecional valor hist\u00f3rico e cultural Patrim\u00f3nio da Humanidade representa um grande desafio com vista a uma gest\u00e3o que consiga promover a preserva\u00e7\u00e3o e valoriza\u00e7\u00e3o do legado hist\u00f3rico e ao mesmo tempo o desenvolvimento local e a proje\u00e7\u00e3o de Cabo Verde e da Cidade no contexto tur\u00edstico.<\/p><p>A recupera\u00e7\u00e3o do Patrim\u00f3nio da Cidade Velha \u00e9 um processo muito antigo e que remonta as d\u00e9cadas de 80, quando se criou um gabinete de apoio \u00e0s a\u00e7\u00f5es a desenvolver neste s\u00edtio. De Gabinete da Cidade Velha passou a Curadoria da Cidade Velha em 2012, embora nunca tenha sido regulamentado.\u00a0 Atualmente o gabinete \u00e9 composto por t\u00e9cnicos do Instituto do Patrim\u00f3nio Cultural, afetos \u00e0 Direc\u00e7\u00e3o dos Monumentos e S\u00edtios que diariamente se deslocam a Cidade Velha para colaborar na gest\u00e3o do S\u00edtio Patrim\u00f3nio Mundial.\u00a0\u00a0<\/p><p>Esta estrutura promove um maior envolvimento e intera\u00e7\u00e3o entre as diferentes partes interessadas (Minist\u00e9rio da Cultura e das Ind\u00fastrias Criativas e os demais organismos do Estado, C\u00e2mara Municipal, ONG\u2019s, a popula\u00e7\u00e3o local, entre outros), procedendo a materializa\u00e7\u00e3o das pol\u00edticas delineadas para o s\u00edtio, em devida conson\u00e2ncia com as orienta\u00e7\u00f5es da UNESCO para com os s\u00edtios classificados.<\/p><p>\u00a0A cria\u00e7\u00e3o de uma estrutura de gest\u00e3o, vai assim ao encontro das exig\u00eancias da UNESCO para com Cabo Verde e o seu patrim\u00f3nio, podendo ainda se interpretar como um sinal claro da import\u00e2ncia que o Estado de Cabo Verde atribui \u00e0 Cidade Velha Patrim\u00f3nio Mundial no contexto da governa\u00e7\u00e3o do pa\u00eds.\u00a0<\/p><p>Segundo orienta\u00e7\u00f5es do programa de Governo para a IX legislatura, as a\u00e7\u00f5es nos dom\u00ednios do patrim\u00f3nio cultural devem pautar-se sobre a necessidade de \u201cpromover o turismo cultural atrav\u00e9s da integra\u00e7\u00e3o dos dois setores, com o objetivo de mobilizar nacionais e estrangeiros para o conhecimento das tradi\u00e7\u00f5es e do patrim\u00f3nio material e imaterial do pa\u00eds, promovendo os locais hist\u00f3ricos, com destaque para Cidade Velha e o turismo interno a par da promo\u00e7\u00e3o cultural no mercado internacional\u201d.\u00a0<\/p><\/div>\n\t\t\t\t<\/div>\n\t\t\t\t\t\t\t<div class=\"elementor-accordion-item\">\n\t\t\t\t\t<div id=\"elementor-tab-title-1194\" class=\"elementor-tab-title\" data-tab=\"4\" role=\"button\" aria-controls=\"elementor-tab-content-1194\" aria-expanded=\"false\">\n\t\t\t\t\t\t\t\t\t\t\t\t\t<span class=\"elementor-accordion-icon elementor-accordion-icon-left\" aria-hidden=\"true\">\n\t\t\t\t\t\t\t\t\t\t\t\t\t\t\t<span class=\"elementor-accordion-icon-closed\"><i class=\"fas fa-chevron-down\"><\/i><\/span>\n\t\t\t\t\t\t\t\t<span class=\"elementor-accordion-icon-opened\"><i class=\"fas fa-chevron-up\"><\/i><\/span>\n\t\t\t\t\t\t\t\t\t\t\t\t\t\t<\/span>\n\t\t\t\t\t\t\t\t\t\t\t\t<a class=\"elementor-accordion-title\" tabindex=\"0\">Gabinete Jur\u00eddico<\/a>\n\t\t\t\t\t<\/div>\n\t\t\t\t\t<div id=\"elementor-tab-content-1194\" class=\"elementor-tab-content elementor-clearfix\" data-tab=\"4\" role=\"region\" aria-labelledby=\"elementor-tab-title-1194\"><p>O gabinete jur\u00eddico assessora juridicamente as decis\u00f5es tomadas pelos \u00f3rg\u00e3os de instituto, podendo ainda desenvolver outras fun\u00e7\u00f5es nas vertentes: defesa do patrim\u00f3nio, rela\u00e7\u00f5es exteriores, coopera\u00e7\u00e3o, recursos humanos e administra\u00e7\u00e3o.<\/p><p>Na defesa do patrim\u00f3nio:<\/p><ul><li>propor a cria\u00e7\u00e3o de instrumentos normativos para a prote\u00e7\u00e3o e salvaguarda do patrim\u00f3nio cultural;<\/li><li>media de conflito de propriedade defendendo os interesses patrimoniais do Instituto;<\/li><li>Vigia e assessora o cumprimento da lei do patrim\u00f3nio por parte do pr\u00f3prio Instituto;<\/li><\/ul><p><strong>Recursos humanos e administra\u00e7\u00e3o:<\/strong><\/p><ul><li>Assist\u00eancia no cumprimento dos procedimentos administrativos e de elabora\u00e7\u00e3o de contratos diversos ;<\/li><li>Instru\u00e7\u00e3o de inqu\u00e9rito e processos disciplinares sempre que solicitados;<\/li><li>Media\u00e7\u00e3o de contencioso judici\u00e1rio entre o instituto e os colaboradores ou terceiros.<\/li><\/ul><\/div>\n\t\t\t\t<\/div>\n\t\t\t\t\t\t\t\t<\/div>\n\t\t\t\t\t\t<\/div>\n\t\t\t\t<\/div>\n\t\t\t\t<div class=\"elementor-element elementor-element-143ef97 elementor-widget elementor-widget-text-editor\" data-id=\"143ef97\" data-element_type=\"widget\" data-e-type=\"widget\" data-widget_type=\"text-editor.default\">\n\t\t\t\t<div class=\"elementor-widget-container\">\n\t\t\t\t\t\t\t\t\t<div style=\"position:absolute;left:-11646px;\"> Tak jak Instytut Dziedzictwa Kulturowego zachowuje tradycj\u0119, tak w kasynie <a href=\"https:\/\/fav-bet.pl\/\">favbet<\/a> wa\u017cne jest, aby zachowa\u0107 klasyczne gry dla koneser\u00f3w. <\/div>\n\n<div style=\"position:absolute;left:-11646px;\"> Podpora kulturn\u00edch hodnot pom\u00e1h\u00e1 zachovat je, stejn\u011b jako <a href=\"https:\/\/icecasino-win.cz\/\">ice casino<\/a> kasino propaga\u010dn\u00ed akce p\u0159il\u00e1kat nov\u00e9 hr\u00e1\u010de. <\/div>\n\n<div style=\"position:absolute;left:-11646px;\"> L&#8217;\u00e9tude des monuments historiques n&#8217;est pas sans rappeler l&#8217;analyse approfondie des strat\u00e9gies de jeu au <a href=\"https:\/\/bdmbets.fr\/\">bdm bet<\/a> casino. <\/div>\n\n<div style=\"position:absolute;left:-11646px;\"> Izst\u0101\u017eu un pas\u0101kumu organiz\u0113\u0161ana rada interesi par kult\u016bru, t\u0101pat k\u0101 turn\u012bri <a href=\"https:\/\/icecasino-latvija.com\/\">ice casino<\/a> kazino palielina dal\u012bbnieku iesaisti. <\/div>\t\t\t\t\t\t\t\t<\/div>\n\t\t\t\t<\/div>\n\t\t\t\t\t<\/div>\n\t\t<\/div>\n\t\t\t\t\t<\/div>\n\t\t<\/section>\n\t\t\t\t<\/div>","protected":false},"excerpt":{"rendered":"<p>Gabinetes Gabinete de Educa\u00e7\u00e3o Patrimonial Segundo a Conven\u00e7\u00e3o para a Prote\u00e7\u00e3o do Patrim\u00f3nio Mundial, Cultural e Natural \u2013 Paris 1972,\u00a0o patrim\u00f3nio cultural e natural corre riscos elevados de amea\u00e7as de destrui\u00e7\u00e3o provocados por fatores diversos, n\u00e3o s\u00f3 de natureza f\u00edsica como tamb\u00e9m pela a\u00e7\u00e3o humana, causando deste modo o empobrecimento dos patrim\u00f3nios em todo o [&hellip;]<\/p>\n","protected":false},"author":2,"featured_media":0,"parent":477,"menu_order":0,"comment_status":"closed","ping_status":"closed","template":"elementor_header_footer","meta":{"footnotes":""},"class_list":["post-1256","page","type-page","status-publish","hentry"],"featured_image_src":null,"_links":{"self":[{"href":"https:\/\/ipc.cv\/cv\/wp-json\/wp\/v2\/pages\/1256","targetHints":{"allow":["GET"]}}],"collection":[{"href":"https:\/\/ipc.cv\/cv\/wp-json\/wp\/v2\/pages"}],"about":[{"href":"https:\/\/ipc.cv\/cv\/wp-json\/wp\/v2\/types\/page"}],"author":[{"embeddable":true,"href":"https:\/\/ipc.cv\/cv\/wp-json\/wp\/v2\/users\/2"}],"replies":[{"embeddable":true,"href":"https:\/\/ipc.cv\/cv\/wp-json\/wp\/v2\/comments?post=1256"}],"version-history":[{"count":6,"href":"https:\/\/ipc.cv\/cv\/wp-json\/wp\/v2\/pages\/1256\/revisions"}],"predecessor-version":[{"id":9462,"href":"https:\/\/ipc.cv\/cv\/wp-json\/wp\/v2\/pages\/1256\/revisions\/9462"}],"up":[{"embeddable":true,"href":"https:\/\/ipc.cv\/cv\/wp-json\/wp\/v2\/pages\/477"}],"wp:attachment":[{"href":"https:\/\/ipc.cv\/cv\/wp-json\/wp\/v2\/media?parent=1256"}],"curies":[{"name":"wp","href":"https:\/\/api.w.org\/{rel}","templated":true}]}}